{"id":817,"date":"2022-04-06T14:01:35","date_gmt":"2022-04-06T12:01:35","guid":{"rendered":"https:\/\/lavilleggiatura.it\/contatti\/"},"modified":"2023-04-18T15:11:37","modified_gmt":"2023-04-18T13:11:37","slug":"contacts","status":"publish","type":"page","link":"https:\/\/lavilleggiatura.it\/fr\/contacts\/","title":{"rendered":"Contacts"},"content":{"rendered":"\n<div class=\"wp-block-columns is-layout-flex wp-container-core-columns-is-layout-1 wp-block-columns-is-layout-flex\">\n<div class=\"wp-block-column is-layout-flow wp-block-column-is-layout-flow\">\n<h4 class=\"wp-block-heading\">La Villeggiatura Maison de Charme<\/h4>\n\n\n\n<p>Calle dei Botteri<br>San Polo, 1569<br>Venezia<br><a href=\"https:\/\/lavilleggiatura.it\/dove-siamo\/\">Voir le Plan<\/a><\/p>\n<\/div>\n\n\n\n<div class=\"wp-block-column is-layout-flow wp-block-column-is-layout-flow\">\n<h4 class=\"wp-block-heading\">Orari<\/h4>\n\n\n\n<p><strong>Check in:<\/strong>\u00a0\u00e0 partir de 14:00<br>(en cas d&rsquo;arriv\u00e9e anticip\u00e9e, vous pouvez laisser vos bagages \u00e0 la r\u00e9ception.)<br><strong>Check out:\u00a0<\/strong>ore 10:30<br><strong>Petit d\u00e9jeuner<\/strong>:\u00a0de 08:00 \u00e0 10:00<\/p>\n\n\n\n<p>Un suppl\u00e9ment de 15 euros est demand\u00e9 pour les arriv\u00e9es apr\u00e8s 23 heures.<\/p>\n<\/div>\n<\/div>\n\n\n\n<div class=\"wp-block-columns is-layout-flex wp-container-core-columns-is-layout-2 wp-block-columns-is-layout-flex\">\n<div class=\"wp-block-column is-layout-flow wp-block-column-is-layout-flow\">\n<p><strong>L\u2019imp\u00f4t de s\u00e9jour n\u2019est pas compris<\/strong><\/p>\n\n\n\n<p>Haute saison <strong><em>4,00 \u20ac<\/em><\/strong> par personne par nuit<br>Basse saison <strong><em>2,80 \u20ac<\/em><\/strong>&nbsp;par personne par nuit.<br>Gratuit pour les enfants jusqu\u2019\u00e0 9 ans.<br>R\u00e9duction de 50% pour les enfants de 10 \u00e0 15 ans.<\/p>\n<\/div>\n<\/div>\n","protected":false},"excerpt":{"rendered":"<p>La Villeggiatura Maison de Charme Calle dei BotteriSan Polo, 1569VeneziaVoir le Plan Orari Check in:\u00a0\u00e0 partir de 14:00(en cas d&rsquo;arriv\u00e9e anticip\u00e9e, vous pouvez laisser vos bagages \u00e0 la r\u00e9ception.)Check out:\u00a0ore 10:30Petit d\u00e9jeuner:\u00a0de 08:00 \u00e0 10:00 Un suppl\u00e9ment de 15 euros est demand\u00e9 pour les arriv\u00e9es apr\u00e8s 23 heures. L\u2019imp\u00f4t de s\u00e9jour n\u2019est pas compris Haute [&hellip;]<\/p>\n","protected":false},"author":1,"featured_media":259,"parent":0,"menu_order":0,"comment_status":"closed","ping_status":"closed","template":"templates\/contatti.php","meta":{"footnotes":""},"class_list":["post-817","page","type-page","status-publish","has-post-thumbnail","hentry"],"acf":[],"yoast_head":"<!-- This site is optimized with the Yoast SEO plugin v24.5 - https:\/\/yoast.com\/wordpress\/plugins\/seo\/ -->\n<title>Contacts - La Villeggiatura Maison De Charme<\/title>\n<meta name=\"robots\" content=\"index, follow, max-snippet:-1, max-image-preview:large, max-video-preview:-1\" \/>\n<link rel=\"canonical\" href=\"https:\/\/lavilleggiatura.it\/fr\/contacts\/\" \/>\n<meta property=\"og:locale\" content=\"fr_FR\" \/>\n<meta property=\"og:type\" content=\"article\" \/>\n<meta property=\"og:title\" content=\"Contacts - La Villeggiatura Maison De Charme\" \/>\n<meta property=\"og:description\" content=\"La Villeggiatura Maison de Charme Calle dei BotteriSan Polo, 1569VeneziaVoir le Plan Orari Check in:\u00a0\u00e0 partir de 14:00(en cas d&rsquo;arriv\u00e9e anticip\u00e9e, vous pouvez laisser vos bagages \u00e0 la r\u00e9ception.)Check out:\u00a0ore 10:30Petit d\u00e9jeuner:\u00a0de 08:00 \u00e0 10:00 Un suppl\u00e9ment de 15 euros est demand\u00e9 pour les arriv\u00e9es apr\u00e8s 23 heures. L\u2019imp\u00f4t de s\u00e9jour n\u2019est pas compris Haute [&hellip;]\" \/>\n<meta property=\"og:url\" content=\"https:\/\/lavilleggiatura.it\/fr\/contacts\/\" \/>\n<meta property=\"og:site_name\" content=\"La Villeggiatura Maison De Charme\" \/>\n<meta property=\"article:modified_time\" content=\"2023-04-18T13:11:37+00:00\" \/>\n<meta property=\"og:image\" content=\"https:\/\/lavilleggiatura.it\/wp-content\/uploads\/2022\/04\/Reception_Contatti_small.jpg\" \/>\n\t<meta property=\"og:image:width\" content=\"2560\" \/>\n\t<meta property=\"og:image:height\" content=\"1422\" \/>\n\t<meta property=\"og:image:type\" content=\"image\/jpeg\" \/>\n<meta name=\"twitter:card\" content=\"summary_large_image\" \/>\n<meta name=\"twitter:label1\" content=\"Dur\u00e9e de lecture estim\u00e9e\" \/>\n\t<meta name=\"twitter:data1\" content=\"1 minute\" \/>\n<script type=\"application\/ld+json\" class=\"yoast-schema-graph\">{\"@context\":\"https:\/\/schema.org\",\"@graph\":[{\"@type\":\"WebPage\",\"@id\":\"https:\/\/lavilleggiatura.it\/fr\/contacts\/\",\"url\":\"https:\/\/lavilleggiatura.it\/fr\/contacts\/\",\"name\":\"Contacts - La Villeggiatura Maison De Charme\",\"isPartOf\":{\"@id\":\"https:\/\/lavilleggiatura.it\/fr\/#website\"},\"primaryImageOfPage\":{\"@id\":\"https:\/\/lavilleggiatura.it\/fr\/contacts\/#primaryimage\"},\"image\":{\"@id\":\"https:\/\/lavilleggiatura.it\/fr\/contacts\/#primaryimage\"},\"thumbnailUrl\":\"https:\/\/lavilleggiatura.it\/wp-content\/uploads\/2022\/04\/Reception_Contatti_small.jpg\",\"datePublished\":\"2022-04-06T12:01:35+00:00\",\"dateModified\":\"2023-04-18T13:11:37+00:00\",\"breadcrumb\":{\"@id\":\"https:\/\/lavilleggiatura.it\/fr\/contacts\/#breadcrumb\"},\"inLanguage\":\"fr-FR\",\"potentialAction\":[{\"@type\":\"ReadAction\",\"target\":[\"https:\/\/lavilleggiatura.it\/fr\/contacts\/\"]}]},{\"@type\":\"ImageObject\",\"inLanguage\":\"fr-FR\",\"@id\":\"https:\/\/lavilleggiatura.it\/fr\/contacts\/#primaryimage\",\"url\":\"https:\/\/lavilleggiatura.it\/wp-content\/uploads\/2022\/04\/Reception_Contatti_small.jpg\",\"contentUrl\":\"https:\/\/lavilleggiatura.it\/wp-content\/uploads\/2022\/04\/Reception_Contatti_small.jpg\",\"width\":2560,\"height\":1422},{\"@type\":\"BreadcrumbList\",\"@id\":\"https:\/\/lavilleggiatura.it\/fr\/contacts\/#breadcrumb\",\"itemListElement\":[{\"@type\":\"ListItem\",\"position\":1,\"name\":\"Home\",\"item\":\"https:\/\/lavilleggiatura.it\/fr\/\"},{\"@type\":\"ListItem\",\"position\":2,\"name\":\"Contacts\"}]},{\"@type\":\"WebSite\",\"@id\":\"https:\/\/lavilleggiatura.it\/fr\/#website\",\"url\":\"https:\/\/lavilleggiatura.it\/fr\/\",\"name\":\"La Villeggiatura Maison De Charme\",\"description\":\"\",\"publisher\":{\"@id\":\"https:\/\/lavilleggiatura.it\/fr\/#organization\"},\"potentialAction\":[{\"@type\":\"SearchAction\",\"target\":{\"@type\":\"EntryPoint\",\"urlTemplate\":\"https:\/\/lavilleggiatura.it\/fr\/?s={search_term_string}\"},\"query-input\":{\"@type\":\"PropertyValueSpecification\",\"valueRequired\":true,\"valueName\":\"search_term_string\"}}],\"inLanguage\":\"fr-FR\"},{\"@type\":\"Organization\",\"@id\":\"https:\/\/lavilleggiatura.it\/fr\/#organization\",\"name\":\"La Villeggiatura Maison de Charme\",\"url\":\"https:\/\/lavilleggiatura.it\/fr\/\",\"logo\":{\"@type\":\"ImageObject\",\"inLanguage\":\"fr-FR\",\"@id\":\"https:\/\/lavilleggiatura.it\/fr\/#\/schema\/logo\/image\/\",\"url\":\"https:\/\/lavilleggiatura.it\/wp-content\/uploads\/2022\/03\/la-villeggiatura2x-e1648634946577.png\",\"contentUrl\":\"https:\/\/lavilleggiatura.it\/wp-content\/uploads\/2022\/03\/la-villeggiatura2x-e1648634946577.png\",\"width\":294,\"height\":123,\"caption\":\"La Villeggiatura Maison de Charme\"},\"image\":{\"@id\":\"https:\/\/lavilleggiatura.it\/fr\/#\/schema\/logo\/image\/\"}}]}<\/script>\n<!-- \/ Yoast SEO plugin. -->","yoast_head_json":{"title":"Contacts - La Villeggiatura Maison De Charme","robots":{"index":"index","follow":"follow","max-snippet":"max-snippet:-1","max-image-preview":"max-image-preview:large","max-video-preview":"max-video-preview:-1"},"canonical":"https:\/\/lavilleggiatura.it\/fr\/contacts\/","og_locale":"fr_FR","og_type":"article","og_title":"Contacts - La Villeggiatura Maison De Charme","og_description":"La Villeggiatura Maison de Charme Calle dei BotteriSan Polo, 1569VeneziaVoir le Plan Orari Check in:\u00a0\u00e0 partir de 14:00(en cas d&rsquo;arriv\u00e9e anticip\u00e9e, vous pouvez laisser vos bagages \u00e0 la r\u00e9ception.)Check out:\u00a0ore 10:30Petit d\u00e9jeuner:\u00a0de 08:00 \u00e0 10:00 Un suppl\u00e9ment de 15 euros est demand\u00e9 pour les arriv\u00e9es apr\u00e8s 23 heures. L\u2019imp\u00f4t de s\u00e9jour n\u2019est pas compris Haute [&hellip;]","og_url":"https:\/\/lavilleggiatura.it\/fr\/contacts\/","og_site_name":"La Villeggiatura Maison De Charme","article_modified_time":"2023-04-18T13:11:37+00:00","og_image":[{"width":2560,"height":1422,"url":"https:\/\/lavilleggiatura.it\/wp-content\/uploads\/2022\/04\/Reception_Contatti_small.jpg","type":"image\/jpeg"}],"twitter_card":"summary_large_image","twitter_misc":{"Dur\u00e9e de lecture estim\u00e9e":"1 minute"},"schema":{"@context":"https:\/\/schema.org","@graph":[{"@type":"WebPage","@id":"https:\/\/lavilleggiatura.it\/fr\/contacts\/","url":"https:\/\/lavilleggiatura.it\/fr\/contacts\/","name":"Contacts - La Villeggiatura Maison De Charme","isPartOf":{"@id":"https:\/\/lavilleggiatura.it\/fr\/#website"},"primaryImageOfPage":{"@id":"https:\/\/lavilleggiatura.it\/fr\/contacts\/#primaryimage"},"image":{"@id":"https:\/\/lavilleggiatura.it\/fr\/contacts\/#primaryimage"},"thumbnailUrl":"https:\/\/lavilleggiatura.it\/wp-content\/uploads\/2022\/04\/Reception_Contatti_small.jpg","datePublished":"2022-04-06T12:01:35+00:00","dateModified":"2023-04-18T13:11:37+00:00","breadcrumb":{"@id":"https:\/\/lavilleggiatura.it\/fr\/contacts\/#breadcrumb"},"inLanguage":"fr-FR","potentialAction":[{"@type":"ReadAction","target":["https:\/\/lavilleggiatura.it\/fr\/contacts\/"]}]},{"@type":"ImageObject","inLanguage":"fr-FR","@id":"https:\/\/lavilleggiatura.it\/fr\/contacts\/#primaryimage","url":"https:\/\/lavilleggiatura.it\/wp-content\/uploads\/2022\/04\/Reception_Contatti_small.jpg","contentUrl":"https:\/\/lavilleggiatura.it\/wp-content\/uploads\/2022\/04\/Reception_Contatti_small.jpg","width":2560,"height":1422},{"@type":"BreadcrumbList","@id":"https:\/\/lavilleggiatura.it\/fr\/contacts\/#breadcrumb","itemListElement":[{"@type":"ListItem","position":1,"name":"Home","item":"https:\/\/lavilleggiatura.it\/fr\/"},{"@type":"ListItem","position":2,"name":"Contacts"}]},{"@type":"WebSite","@id":"https:\/\/lavilleggiatura.it\/fr\/#website","url":"https:\/\/lavilleggiatura.it\/fr\/","name":"La Villeggiatura Maison De Charme","description":"","publisher":{"@id":"https:\/\/lavilleggiatura.it\/fr\/#organization"},"potentialAction":[{"@type":"SearchAction","target":{"@type":"EntryPoint","urlTemplate":"https:\/\/lavilleggiatura.it\/fr\/?s={search_term_string}"},"query-input":{"@type":"PropertyValueSpecification","valueRequired":true,"valueName":"search_term_string"}}],"inLanguage":"fr-FR"},{"@type":"Organization","@id":"https:\/\/lavilleggiatura.it\/fr\/#organization","name":"La Villeggiatura Maison de Charme","url":"https:\/\/lavilleggiatura.it\/fr\/","logo":{"@type":"ImageObject","inLanguage":"fr-FR","@id":"https:\/\/lavilleggiatura.it\/fr\/#\/schema\/logo\/image\/","url":"https:\/\/lavilleggiatura.it\/wp-content\/uploads\/2022\/03\/la-villeggiatura2x-e1648634946577.png","contentUrl":"https:\/\/lavilleggiatura.it\/wp-content\/uploads\/2022\/03\/la-villeggiatura2x-e1648634946577.png","width":294,"height":123,"caption":"La Villeggiatura Maison de Charme"},"image":{"@id":"https:\/\/lavilleggiatura.it\/fr\/#\/schema\/logo\/image\/"}}]}},"_links":{"self":[{"href":"https:\/\/lavilleggiatura.it\/fr\/wp-json\/wp\/v2\/pages\/817","targetHints":{"allow":["GET"]}}],"collection":[{"href":"https:\/\/lavilleggiatura.it\/fr\/wp-json\/wp\/v2\/pages"}],"about":[{"href":"https:\/\/lavilleggiatura.it\/fr\/wp-json\/wp\/v2\/types\/page"}],"author":[{"embeddable":true,"href":"https:\/\/lavilleggiatura.it\/fr\/wp-json\/wp\/v2\/users\/1"}],"replies":[{"embeddable":true,"href":"https:\/\/lavilleggiatura.it\/fr\/wp-json\/wp\/v2\/comments?post=817"}],"version-history":[{"count":1,"href":"https:\/\/lavilleggiatura.it\/fr\/wp-json\/wp\/v2\/pages\/817\/revisions"}],"predecessor-version":[{"id":1233,"href":"https:\/\/lavilleggiatura.it\/fr\/wp-json\/wp\/v2\/pages\/817\/revisions\/1233"}],"wp:featuredmedia":[{"embeddable":true,"href":"https:\/\/lavilleggiatura.it\/fr\/wp-json\/wp\/v2\/media\/259"}],"wp:attachment":[{"href":"https:\/\/lavilleggiatura.it\/fr\/wp-json\/wp\/v2\/media?parent=817"}],"curies":[{"name":"wp","href":"https:\/\/api.w.org\/{rel}","templated":true}]}}