{"id":1044,"date":"2022-07-21T15:02:09","date_gmt":"2022-07-21T13:02:09","guid":{"rendered":"https:\/\/lavilleggiatura.it\/?page_id=1044"},"modified":"2022-07-22T11:41:13","modified_gmt":"2022-07-22T09:41:13","slug":"privacy-policy","status":"publish","type":"page","link":"https:\/\/lavilleggiatura.it\/fr\/privacy-policy\/","title":{"rendered":"Privacy policy"},"content":{"rendered":"\n<p><strong>G\u00e9n\u00e9ralit\u00e9s<\/strong><\/p>\n\n\n\n<p>LA VILLEGGIATURA a d\u00e9velopp\u00e9 cette politique de confidentialit\u00e9 sur Internet afin de conformer son activit\u00e9 \u00e0 celle d&rsquo;une entit\u00e9 de confiance qui assure, respecte et maintient le droit \u00e0 la confidentialit\u00e9 des visiteurs dans l&rsquo;environnement en ligne.<\/p>\n\n\n\n<p>LA VILLEGGIATURA, dont le si\u00e8ge social est situ\u00e9 \u00e0 San Polo 1569, 30125 Venezia (VE), C.F. DLRFNC55T42H501K et P.IVA 07673711003, est le propri\u00e9taire du traitement de toute donn\u00e9e personnelle collect\u00e9e par le biais de ce site web, tel que d\u00e9fini par le R\u00e8glement UE 2016\/679. Le responsable du traitement traitera les donn\u00e9es recueillies par le biais de ce site web (www.lavilleggiatura.it) aux fins, de la mani\u00e8re et conform\u00e9ment \u00e0 ce qui est sp\u00e9cifiquement indiqu\u00e9 ci-dessous.<\/p>\n\n\n\n<p><strong>Collecte des donn\u00e9es personnelles, finalit\u00e9 du traitement et base juridique du traitement<\/strong><\/p>\n\n\n\n<p>LA VILLEGGIATURA ne collecte et ne traite que les donn\u00e9es personnelles fournies volontairement par les visiteurs de ce site. Les visiteurs peuvent naviguer sur le site sans r\u00e9v\u00e9ler d&rsquo;informations et de donn\u00e9es personnelles. Chaque visiteur du site peut choisir de fournir \u00e0 LA VILLEGGIATURA des donn\u00e9es personnelles limit\u00e9es comme demand\u00e9 afin d&rsquo;obtenir des informations sur nos services. Une fois enregistr\u00e9es, les donn\u00e9es personnelles recueillies ne seront utilis\u00e9es que pour les services indiqu\u00e9s dans les informations disponibles.<\/p>\n\n\n\n<p>Les visiteurs du site peuvent fournir leurs donn\u00e9es aux fins suivantes<\/p>\n\n\n\n<p>&#8211; <strong>les activit\u00e9s li\u00e9es \u00e0 la demande de disponibilit\u00e9<\/strong>. Des exemples d&rsquo;activit\u00e9s sont : l&rsquo;envoi d&rsquo;un e-mail qui implique le traitement de donn\u00e9es personnelles telles que, par exemple, le nom, le pr\u00e9nom, l&rsquo;adresse e-mail ; la base juridique de la finalit\u00e9 susmentionn\u00e9e est identifi\u00e9e \u00e0 l&rsquo;art. 6.1, lettres a, b, f du r\u00e8glement UE 2016\/679 ;<\/p>\n\n\n\n<p>&#8211; <strong>les activit\u00e9s li\u00e9es \u00e0 la r\u00e9servation dans notre h\u00f4tel<\/strong>. Les activit\u00e9s concernent la conclusion d&rsquo;un contrat relatif \u00e0 la r\u00e9servation d&rsquo;un s\u00e9jour dans notre h\u00f4tel, ce qui implique le traitement de donn\u00e9es personnelles telles que le nom, le pr\u00e9nom, l&rsquo;adresse e-mail, l&rsquo;adresse de r\u00e9sidence, le code fiscal, le num\u00e9ro de t\u00e9l\u00e9phone, les donn\u00e9es de la carte de cr\u00e9dit ou les donn\u00e9es du compte Paypal; la base juridique de la finalit\u00e9 susmentionn\u00e9e est identifi\u00e9e \u00e0 l&rsquo;art. 6.1. lettres a, b, c, f du R\u00e8glement UE 2016\/679 ;<\/p>\n\n\n\n<p>&#8211; <strong>visualisation et navigation sur le site<\/strong> (ces activit\u00e9s sont li\u00e9es \u00e0 la fourniture correcte des diff\u00e9rentes fonctions demand\u00e9es par vous, pour des raisons de s\u00e9curit\u00e9 et pour d\u00e9terminer les responsabilit\u00e9s en cas d&rsquo;hypoth\u00e9tiques d\u00e9lits informatiques au d\u00e9triment du site, ainsi que pour obtenir des informations statistiques anonymes sur l&rsquo;utilisation du site et pour en v\u00e9rifier le bon fonctionnement); la base juridique de la finalit\u00e9 susmentionn\u00e9e est identifi\u00e9e \u00e0 l&rsquo;art. 6.1. lettres a, c, f du r\u00e8glement UE 2016\/679).<\/p>\n\n\n\n<p>&#8211; <strong>recherche\/analyse statistique sur des donn\u00e9es agr\u00e9g\u00e9es ou anonymes<\/strong> (il s&rsquo;agit d&rsquo;une activit\u00e9 qui n&rsquo;implique pas le traitement de donn\u00e9es personnelles, puisqu&rsquo;elle n&rsquo;implique pas l&rsquo;identification de l&rsquo;utilisateur et sert, par exemple, \u00e0 mesurer le fonctionnement du Site, \u00e0 mesurer le trafic et \u00e0 \u00e9valuer l&rsquo;int\u00e9r\u00eat)<\/p>\n\n\n\n<p>&#8211; <strong>activit\u00e9s li\u00e9es \u00e0 la constatation et\/ou \u00e0 l&rsquo;exercice et\/ou \u00e0 la d\u00e9fense des droits<\/strong> (exemples d&rsquo;activit\u00e9s: litiges relatifs \u00e0 la bonne ex\u00e9cution de la relation contractuelle, avertissements, recouvrement de cr\u00e9ances); la base juridique de la finalit\u00e9 susmentionn\u00e9e est identifi\u00e9e dans l&rsquo;int\u00e9r\u00eat l\u00e9gitime (art. 6.1(f) du r\u00e8glement UE 2016\/679).<\/p>\n\n\n\n<p>&#8211; <strong>autres activit\u00e9s en ex\u00e9cution d&rsquo;une obligation l\u00e9gale\/ordres de l&rsquo;autorit\u00e9<\/strong> (comme la communication \u00e0 des tiers); la base juridique est identifi\u00e9e dans l&rsquo;obligation l\u00e9gale (art. 6.1, lettre c, du r\u00e8glement UE 2016\/679);<\/p>\n\n\n\n<p>&#8211; <strong>maintenance des syst\u00e8mes et dispositifs informatiques <\/strong>(les personnes charg\u00e9es d&rsquo;effectuer la maintenance et les r\u00e9parations sur le site peuvent acc\u00e9der accidentellement \u00e0 vos donn\u00e9es personnelles. Ces \u00e9v\u00e9nements sont enti\u00e8rement occasionnels et impr\u00e9visibles et en tout cas sans fins d&rsquo;identification et limit\u00e9s dans le temps \u00e0 l&rsquo;ex\u00e9cution des travaux d&rsquo;entretien\/r\u00e9paration) ; la base juridique de la finalit\u00e9 susmentionn\u00e9e est identifi\u00e9e dans l&rsquo;int\u00e9r\u00eat l\u00e9gitime (art. 6.1, lettre f, du r\u00e8glement UE 2016\/679).<\/p>\n\n\n\n<p><strong>P\u00e9riode de conservation des donn\u00e9es<\/strong><\/p>\n\n\n\n<p>Les donn\u00e9es personnelles que le visiteur d\u00e9cide de communiquer \u00e0 LA VILLEGGIATURA seront trait\u00e9es et conserv\u00e9es pendant les p\u00e9riodes suivantes<\/p>\n\n\n\n<p>&#8211; activit\u00e9s li\u00e9es \u00e0 la gestion du contact : jusqu&rsquo;\u00e0 ce que la demande ait \u00e9t\u00e9 satisfaite ;<\/p>\n\n\n\n<p>&#8211; activit\u00e9s li\u00e9es \u00e0 la r\u00e9servation dans notre h\u00f4tel : pendant le temps n\u00e9cessaire \u00e0 l&rsquo;ex\u00e9cution du contrat et au respect des obligations l\u00e9gales ;<\/p>\n\n\n\n<p>&#8211; la consultation et la navigation du site : les donn\u00e9es seront conserv\u00e9es pendant une dur\u00e9e maximale de 24 mois ;<\/p>\n\n\n\n<p>&#8211; recherche\/analyse statistique sur des donn\u00e9es agr\u00e9g\u00e9es ou anonymes : toute donn\u00e9e collect\u00e9e sera conserv\u00e9e pour une dur\u00e9e maximale de 24 mois ;<\/p>\n\n\n\n<p>&#8211; activit\u00e9s li\u00e9es \u00e0 la constatation et\/ou \u00e0 l&rsquo;exercice et\/ou \u00e0 la d\u00e9fense des droits : les donn\u00e9es seront conserv\u00e9es pendant le temps n\u00e9cessaire \u00e0 la conclusion du litige et, en tout \u00e9tat de cause, pendant le temps n\u00e9cessaire au respect des obligations l\u00e9gales ;<\/p>\n\n\n\n<p>&#8211; autres activit\u00e9s dans le cadre de l&rsquo;ex\u00e9cution d&rsquo;obligations l\u00e9gales\/ordres de l&rsquo;autorit\u00e9 : les donn\u00e9es seront conserv\u00e9es pendant le temps n\u00e9cessaire \u00e0 la conclusion de l&rsquo;enqu\u00eate et, en tout \u00e9tat de cause, pendant le temps n\u00e9cessaire \u00e0 l&rsquo;ex\u00e9cution des obligations l\u00e9gales ;<\/p>\n\n\n\n<p>&#8211; maintenance des syst\u00e8mes et dispositifs informatiques : toute donn\u00e9e collect\u00e9e sera conserv\u00e9e pendant le temps n\u00e9cessaire \u00e0 la r\u00e9alisation des activit\u00e9s de maintenance des syst\u00e8mes et dispositifs informatiques.<\/p>\n\n\n\n<p><strong>Transferts de donn\u00e9es personnelles vers des pays tiers ou des organisations internationales<\/strong><\/p>\n\n\n\n<p>Les donn\u00e9es personnelles fournies par les visiteurs de ce site seront stock\u00e9es sur les serveurs de notre soci\u00e9t\u00e9 et dans nos archives papier et, en tout \u00e9tat de cause, sur le territoire europ\u00e9en pour les traitements confi\u00e9s \u00e0 des tiers ou pour les services de d\u00e9localisation des centres de donn\u00e9es. Il n&rsquo;y a pas de transfert de donn\u00e9es personnelles vers des pays tiers ou des organisations internationales.<\/p>\n\n\n\n<p><strong>Communication \u00e0 des tiers<\/strong><\/p>\n\n\n\n<p>Les donn\u00e9es personnelles que vous fournissez ne seront pas divulgu\u00e9es \u00e0 des tiers.<\/p>\n\n\n\n<p>Les donn\u00e9es personnelles que vous fournissez peuvent \u00eatre divulgu\u00e9es pour le traitement de votre demande et pour l&rsquo;accomplissement de toute obligation l\u00e9gale aux organismes publics centraux et territoriaux aux professionnels du webmarketing. Si vous souhaitez obtenir de plus amples informations sur les parties auxquelles vos donn\u00e9es sont divulgu\u00e9es, veuillez nous contacter \u00e0 l&rsquo;adresse <a href=\"mailto:info@lavilleggiatura.it\">info@lavilleggiatura.it<\/a>.<\/p>\n\n\n\n<p><strong>Donn\u00e9es personnelles particuli\u00e8res<\/strong><\/p>\n\n\n\n<p>LA VILLEGGIATURA ne collecte pas d\u00e9lib\u00e9r\u00e9ment, par le biais du site Internet, des donn\u00e9es personnelles particuli\u00e8res telles que, par exemple, celles r\u00e9v\u00e9lant l&rsquo;\u00e9tat de sant\u00e9.<\/p>\n\n\n\n<p>Les Donn\u00e9es \u00e0 caract\u00e8re personnel, au sens des articles 4 et 9 du R\u00e8glement UE 2016\/679, comprennent les donn\u00e9es \u00e0 caract\u00e8re personnel divulguant l&rsquo;origine raciale et ethnique, les croyances religieuses, philosophiques ou autres, les opinions politiques, l&rsquo;appartenance \u00e0 des partis, syndicats, associations ou organisations \u00e0 caract\u00e8re religieux, philosophique, politique ou syndicaliste, ainsi que les donn\u00e9es \u00e0 caract\u00e8re personnel divulguant la sant\u00e9 et la vie sexuelle. Les donn\u00e9es judiciaires, toujours conform\u00e9ment aux articles 4 et 10 du r\u00e8glement UE 2016\/679, comprennent les donn\u00e9es \u00e0 caract\u00e8re personnel susceptibles de r\u00e9v\u00e9ler les mesures vis\u00e9es \u00e0 l&rsquo;article 3, paragraphe 1, points a) \u00e0 o) et r) \u00e0 u), du d\u00e9cret pr\u00e9sidentiel n\u00b0 313 du 14 novembre 2002 relatif au casier judiciaire, au registre des sanctions administratives d\u00e9pendant des infractions et des charges connexes en cours, ou \u00e0 la qualit\u00e9 d&rsquo;accus\u00e9 ou de personne faisant l&rsquo;objet d&rsquo;une enqu\u00eate en vertu des articles 60 et 61 du code de proc\u00e9dure p\u00e9nale.<\/p>\n\n\n\n<p>Nous vous recommandons de ne pas fournir de telles informations par le biais de notre site. Si cela s&rsquo;av\u00e8re n\u00e9cessaire, nous vous invitons \u00e0 nous envoyer par e-mail une d\u00e9claration exprimant par \u00e9crit votre consentement au traitement de ces informations.<\/p>\n\n\n\n<p><strong>Exercice des droits de la personne concern\u00e9e<\/strong><\/p>\n\n\n\n<p>\u00c0 tout moment, conform\u00e9ment aux articles 15 et suivants du r\u00e8glement UE 2016\/679, vous pourrez v\u00e9rifier vos donn\u00e9es personnelles collect\u00e9es par le biais de ce site et, si n\u00e9cessaire, les faire rectifier, mettre \u00e0 jour ou supprimer, ou exercer les autres droits reconnus par la loi, notamment les droits d&rsquo;acc\u00e8s, de rectification et d&rsquo;effacement, de limitation du traitement et d&rsquo;opposition ainsi que le droit d&rsquo;introduire une r\u00e9clamation conform\u00e9ment \u00e0 l&rsquo;article 77 et un recours judiciaire conform\u00e9ment \u00e0 l&rsquo;article 78 en nous contactant par courriel \u00e0 l&rsquo;adresse info@lavilleggiatura.it.<\/p>\n\n\n\n<p><strong>S\u00e9curit\u00e9 des donn\u00e9es<\/strong><\/p>\n\n\n\n<p>LE VILLAGE prot\u00e8ge les donn\u00e9es personnelles par l&rsquo;application de niveaux de s\u00e9curit\u00e9 reconnus internationalement, ainsi que par des proc\u00e9dures de s\u00e9curit\u00e9 qui prot\u00e8gent les donn\u00e9es personnelles contre<\/p>\n\n\n\n<p>o Acc\u00e8s non autoris\u00e9<\/p>\n\n\n\n<p>o Utilisation ou divulgation inappropri\u00e9e<\/p>\n\n\n\n<p>o Modification non autoris\u00e9e<\/p>\n\n\n\n<p>o Perte ou destruction accidentelle ou ill\u00e9gale<\/p>\n\n\n\n<p><strong>Mesures de l&rsquo;utilisation du site web <\/strong>www.lavilleggiatura.it&nbsp;<\/p>\n\n\n\n<p>Dans le cadre du site web www.lavilleggiatura.it, certaines informations personnelles relatives \u00e0 l&rsquo;acc\u00e8s \u00e0 ce site sont collect\u00e9es par l&rsquo;utilisation de cookies ou par le suivi des donn\u00e9es de trafic, du type de navigateur et de l&rsquo;ordinateur utilis\u00e9 en relation avec l&rsquo;adresse IP du visiteur. Ces informations sont collect\u00e9es pour des enqu\u00eates statistiques g\u00e9n\u00e9rales et anonymes. <strong>Vous trouverez de plus amples informations dans notre politique en mati\u00e8re de cookies, dans le footer de page de notre site web.<\/strong><\/p>\n\n\n\n<p><strong>Protection des mineurs<\/strong><\/p>\n\n\n\n<p>Le site www.lavilleggiatura.it r\u00e9gi par la pr\u00e9sente politique de confidentialit\u00e9 n&rsquo;est pas destin\u00e9 \u00e0 \u00eatre utilis\u00e9 par des personnes de moins de 18 ans dans le cadre de la r\u00e9servation de s\u00e9jours dans notre \u00e9tablissement. Nous comprenons l&rsquo;importance de la protection des informations destin\u00e9es aux mineurs, en particulier dans un environnement en ligne, et par cons\u00e9quent, nous ne collectons ni ne conservons sciemment des informations personnelles sur des mineurs de moins de 18 ans dans le cadre des r\u00e9servations.<\/p>\n","protected":false},"excerpt":{"rendered":"<p>G\u00e9n\u00e9ralit\u00e9s LA VILLEGGIATURA a d\u00e9velopp\u00e9 cette politique de confidentialit\u00e9 sur Internet afin de conformer son activit\u00e9 \u00e0 celle d&rsquo;une entit\u00e9 de confiance qui assure, respecte et maintient le droit \u00e0 la confidentialit\u00e9 des visiteurs dans l&rsquo;environnement en ligne. LA VILLEGGIATURA, dont le si\u00e8ge social est situ\u00e9 \u00e0 San Polo 1569, 30125 Venezia (VE), C.F. DLRFNC55T42H501K [&hellip;]<\/p>\n","protected":false},"author":1,"featured_media":0,"parent":0,"menu_order":0,"comment_status":"closed","ping_status":"closed","template":"","meta":{"footnotes":""},"class_list":["post-1044","page","type-page","status-publish","hentry"],"acf":[],"yoast_head":"<!-- This site is optimized with the Yoast SEO plugin v24.5 - https:\/\/yoast.com\/wordpress\/plugins\/seo\/ -->\n<title>Privacy policy - La Villeggiatura Maison De Charme<\/title>\n<meta name=\"robots\" content=\"index, follow, max-snippet:-1, max-image-preview:large, max-video-preview:-1\" \/>\n<link rel=\"canonical\" href=\"https:\/\/lavilleggiatura.it\/fr\/privacy-policy\/\" \/>\n<meta property=\"og:locale\" content=\"fr_FR\" \/>\n<meta property=\"og:type\" content=\"article\" \/>\n<meta property=\"og:title\" content=\"Privacy policy - La Villeggiatura Maison De Charme\" \/>\n<meta property=\"og:description\" content=\"G\u00e9n\u00e9ralit\u00e9s LA VILLEGGIATURA a d\u00e9velopp\u00e9 cette politique de confidentialit\u00e9 sur Internet afin de conformer son activit\u00e9 \u00e0 celle d&rsquo;une entit\u00e9 de confiance qui assure, respecte et maintient le droit \u00e0 la confidentialit\u00e9 des visiteurs dans l&rsquo;environnement en ligne. LA VILLEGGIATURA, dont le si\u00e8ge social est situ\u00e9 \u00e0 San Polo 1569, 30125 Venezia (VE), C.F. DLRFNC55T42H501K [&hellip;]\" \/>\n<meta property=\"og:url\" content=\"https:\/\/lavilleggiatura.it\/fr\/privacy-policy\/\" \/>\n<meta property=\"og:site_name\" content=\"La Villeggiatura Maison De Charme\" \/>\n<meta property=\"article:modified_time\" content=\"2022-07-22T09:41:13+00:00\" \/>\n<meta name=\"twitter:card\" content=\"summary_large_image\" \/>\n<meta name=\"twitter:label1\" content=\"Dur\u00e9e de lecture estim\u00e9e\" \/>\n\t<meta name=\"twitter:data1\" content=\"9 minutes\" \/>\n<script type=\"application\/ld+json\" class=\"yoast-schema-graph\">{\"@context\":\"https:\/\/schema.org\",\"@graph\":[{\"@type\":\"WebPage\",\"@id\":\"https:\/\/lavilleggiatura.it\/fr\/privacy-policy\/\",\"url\":\"https:\/\/lavilleggiatura.it\/fr\/privacy-policy\/\",\"name\":\"Privacy policy - La Villeggiatura Maison De Charme\",\"isPartOf\":{\"@id\":\"https:\/\/lavilleggiatura.it\/fr\/#website\"},\"datePublished\":\"2022-07-21T13:02:09+00:00\",\"dateModified\":\"2022-07-22T09:41:13+00:00\",\"breadcrumb\":{\"@id\":\"https:\/\/lavilleggiatura.it\/fr\/privacy-policy\/#breadcrumb\"},\"inLanguage\":\"fr-FR\",\"potentialAction\":[{\"@type\":\"ReadAction\",\"target\":[\"https:\/\/lavilleggiatura.it\/fr\/privacy-policy\/\"]}]},{\"@type\":\"BreadcrumbList\",\"@id\":\"https:\/\/lavilleggiatura.it\/fr\/privacy-policy\/#breadcrumb\",\"itemListElement\":[{\"@type\":\"ListItem\",\"position\":1,\"name\":\"Home\",\"item\":\"https:\/\/lavilleggiatura.it\/fr\/\"},{\"@type\":\"ListItem\",\"position\":2,\"name\":\"Privacy policy\"}]},{\"@type\":\"WebSite\",\"@id\":\"https:\/\/lavilleggiatura.it\/fr\/#website\",\"url\":\"https:\/\/lavilleggiatura.it\/fr\/\",\"name\":\"La Villeggiatura Maison De Charme\",\"description\":\"\",\"publisher\":{\"@id\":\"https:\/\/lavilleggiatura.it\/fr\/#organization\"},\"potentialAction\":[{\"@type\":\"SearchAction\",\"target\":{\"@type\":\"EntryPoint\",\"urlTemplate\":\"https:\/\/lavilleggiatura.it\/fr\/?s={search_term_string}\"},\"query-input\":{\"@type\":\"PropertyValueSpecification\",\"valueRequired\":true,\"valueName\":\"search_term_string\"}}],\"inLanguage\":\"fr-FR\"},{\"@type\":\"Organization\",\"@id\":\"https:\/\/lavilleggiatura.it\/fr\/#organization\",\"name\":\"La Villeggiatura Maison de Charme\",\"url\":\"https:\/\/lavilleggiatura.it\/fr\/\",\"logo\":{\"@type\":\"ImageObject\",\"inLanguage\":\"fr-FR\",\"@id\":\"https:\/\/lavilleggiatura.it\/fr\/#\/schema\/logo\/image\/\",\"url\":\"https:\/\/lavilleggiatura.it\/wp-content\/uploads\/2022\/03\/la-villeggiatura2x-e1648634946577.png\",\"contentUrl\":\"https:\/\/lavilleggiatura.it\/wp-content\/uploads\/2022\/03\/la-villeggiatura2x-e1648634946577.png\",\"width\":294,\"height\":123,\"caption\":\"La Villeggiatura Maison de Charme\"},\"image\":{\"@id\":\"https:\/\/lavilleggiatura.it\/fr\/#\/schema\/logo\/image\/\"}}]}<\/script>\n<!-- \/ Yoast SEO plugin. -->","yoast_head_json":{"title":"Privacy policy - La Villeggiatura Maison De Charme","robots":{"index":"index","follow":"follow","max-snippet":"max-snippet:-1","max-image-preview":"max-image-preview:large","max-video-preview":"max-video-preview:-1"},"canonical":"https:\/\/lavilleggiatura.it\/fr\/privacy-policy\/","og_locale":"fr_FR","og_type":"article","og_title":"Privacy policy - La Villeggiatura Maison De Charme","og_description":"G\u00e9n\u00e9ralit\u00e9s LA VILLEGGIATURA a d\u00e9velopp\u00e9 cette politique de confidentialit\u00e9 sur Internet afin de conformer son activit\u00e9 \u00e0 celle d&rsquo;une entit\u00e9 de confiance qui assure, respecte et maintient le droit \u00e0 la confidentialit\u00e9 des visiteurs dans l&rsquo;environnement en ligne. LA VILLEGGIATURA, dont le si\u00e8ge social est situ\u00e9 \u00e0 San Polo 1569, 30125 Venezia (VE), C.F. DLRFNC55T42H501K [&hellip;]","og_url":"https:\/\/lavilleggiatura.it\/fr\/privacy-policy\/","og_site_name":"La Villeggiatura Maison De Charme","article_modified_time":"2022-07-22T09:41:13+00:00","twitter_card":"summary_large_image","twitter_misc":{"Dur\u00e9e de lecture estim\u00e9e":"9 minutes"},"schema":{"@context":"https:\/\/schema.org","@graph":[{"@type":"WebPage","@id":"https:\/\/lavilleggiatura.it\/fr\/privacy-policy\/","url":"https:\/\/lavilleggiatura.it\/fr\/privacy-policy\/","name":"Privacy policy - La Villeggiatura Maison De Charme","isPartOf":{"@id":"https:\/\/lavilleggiatura.it\/fr\/#website"},"datePublished":"2022-07-21T13:02:09+00:00","dateModified":"2022-07-22T09:41:13+00:00","breadcrumb":{"@id":"https:\/\/lavilleggiatura.it\/fr\/privacy-policy\/#breadcrumb"},"inLanguage":"fr-FR","potentialAction":[{"@type":"ReadAction","target":["https:\/\/lavilleggiatura.it\/fr\/privacy-policy\/"]}]},{"@type":"BreadcrumbList","@id":"https:\/\/lavilleggiatura.it\/fr\/privacy-policy\/#breadcrumb","itemListElement":[{"@type":"ListItem","position":1,"name":"Home","item":"https:\/\/lavilleggiatura.it\/fr\/"},{"@type":"ListItem","position":2,"name":"Privacy policy"}]},{"@type":"WebSite","@id":"https:\/\/lavilleggiatura.it\/fr\/#website","url":"https:\/\/lavilleggiatura.it\/fr\/","name":"La Villeggiatura Maison De Charme","description":"","publisher":{"@id":"https:\/\/lavilleggiatura.it\/fr\/#organization"},"potentialAction":[{"@type":"SearchAction","target":{"@type":"EntryPoint","urlTemplate":"https:\/\/lavilleggiatura.it\/fr\/?s={search_term_string}"},"query-input":{"@type":"PropertyValueSpecification","valueRequired":true,"valueName":"search_term_string"}}],"inLanguage":"fr-FR"},{"@type":"Organization","@id":"https:\/\/lavilleggiatura.it\/fr\/#organization","name":"La Villeggiatura Maison de Charme","url":"https:\/\/lavilleggiatura.it\/fr\/","logo":{"@type":"ImageObject","inLanguage":"fr-FR","@id":"https:\/\/lavilleggiatura.it\/fr\/#\/schema\/logo\/image\/","url":"https:\/\/lavilleggiatura.it\/wp-content\/uploads\/2022\/03\/la-villeggiatura2x-e1648634946577.png","contentUrl":"https:\/\/lavilleggiatura.it\/wp-content\/uploads\/2022\/03\/la-villeggiatura2x-e1648634946577.png","width":294,"height":123,"caption":"La Villeggiatura Maison de Charme"},"image":{"@id":"https:\/\/lavilleggiatura.it\/fr\/#\/schema\/logo\/image\/"}}]}},"_links":{"self":[{"href":"https:\/\/lavilleggiatura.it\/fr\/wp-json\/wp\/v2\/pages\/1044","targetHints":{"allow":["GET"]}}],"collection":[{"href":"https:\/\/lavilleggiatura.it\/fr\/wp-json\/wp\/v2\/pages"}],"about":[{"href":"https:\/\/lavilleggiatura.it\/fr\/wp-json\/wp\/v2\/types\/page"}],"author":[{"embeddable":true,"href":"https:\/\/lavilleggiatura.it\/fr\/wp-json\/wp\/v2\/users\/1"}],"replies":[{"embeddable":true,"href":"https:\/\/lavilleggiatura.it\/fr\/wp-json\/wp\/v2\/comments?post=1044"}],"version-history":[{"count":0,"href":"https:\/\/lavilleggiatura.it\/fr\/wp-json\/wp\/v2\/pages\/1044\/revisions"}],"wp:attachment":[{"href":"https:\/\/lavilleggiatura.it\/fr\/wp-json\/wp\/v2\/media?parent=1044"}],"curies":[{"name":"wp","href":"https:\/\/api.w.org\/{rel}","templated":true}]}}