{"id":802,"date":"2022-03-29T10:51:25","date_gmt":"2022-03-29T08:51:25","guid":{"rendered":"https:\/\/lavilleggiatura.it\/homepage\/"},"modified":"2023-03-03T09:27:20","modified_gmt":"2023-03-03T08:27:20","slug":"homepage","status":"publish","type":"page","link":"https:\/\/lavilleggiatura.it\/es\/","title":{"rendered":"Homepage"},"content":{"rendered":"","protected":false},"excerpt":{"rendered":"","protected":false},"author":1,"featured_media":0,"parent":0,"menu_order":0,"comment_status":"closed","ping_status":"closed","template":"","meta":{"footnotes":""},"class_list":["post-802","page","type-page","status-publish","hentry"],"acf":[],"yoast_head":"<!-- This site is optimized with the Yoast SEO plugin v24.5 - https:\/\/yoast.com\/wordpress\/plugins\/seo\/ -->\n<title>La Villeggiatura Maison de Charme Venecia<\/title>\n<meta name=\"description\" content=\"En el coraz\u00f3n de la Venecia m\u00e1s aut\u00e9ntica, a pocos pasos desde todos los cl\u00e1sicos destinos tur\u00edsticos, seis amplias habitaciones de peque\u00f1o lujo.\" \/>\n<meta name=\"robots\" content=\"index, follow, max-snippet:-1, max-image-preview:large, max-video-preview:-1\" \/>\n<link rel=\"canonical\" href=\"https:\/\/lavilleggiatura.it\/es\/\" \/>\n<meta property=\"og:locale\" content=\"es_ES\" \/>\n<meta property=\"og:type\" content=\"article\" \/>\n<meta property=\"og:title\" content=\"La Villeggiatura Maison de Charme Venecia\" \/>\n<meta property=\"og:description\" content=\"En el coraz\u00f3n de la Venecia m\u00e1s aut\u00e9ntica, a pocos pasos desde todos los cl\u00e1sicos destinos tur\u00edsticos, seis amplias habitaciones de peque\u00f1o lujo.\" \/>\n<meta property=\"og:url\" content=\"https:\/\/lavilleggiatura.it\/es\/\" \/>\n<meta property=\"og:site_name\" content=\"La Villeggiatura Maison De Charme\" \/>\n<meta property=\"article:modified_time\" content=\"2023-03-03T08:27:20+00:00\" \/>\n<meta name=\"twitter:card\" content=\"summary_large_image\" \/>\n<script type=\"application\/ld+json\" class=\"yoast-schema-graph\">{\"@context\":\"https:\/\/schema.org\",\"@graph\":[{\"@type\":\"WebPage\",\"@id\":\"https:\/\/lavilleggiatura.it\/es\/\",\"url\":\"https:\/\/lavilleggiatura.it\/es\/\",\"name\":\"La Villeggiatura Maison de Charme Venecia\",\"isPartOf\":{\"@id\":\"https:\/\/lavilleggiatura.it\/es\/#website\"},\"datePublished\":\"2022-03-29T08:51:25+00:00\",\"dateModified\":\"2023-03-03T08:27:20+00:00\",\"description\":\"En el coraz\u00f3n de la Venecia m\u00e1s aut\u00e9ntica, a pocos pasos desde todos los cl\u00e1sicos destinos tur\u00edsticos, seis amplias habitaciones de peque\u00f1o lujo.\",\"breadcrumb\":{\"@id\":\"https:\/\/lavilleggiatura.it\/es\/#breadcrumb\"},\"inLanguage\":\"es\",\"potentialAction\":[{\"@type\":\"ReadAction\",\"target\":[\"https:\/\/lavilleggiatura.it\/es\/\"]}]},{\"@type\":\"BreadcrumbList\",\"@id\":\"https:\/\/lavilleggiatura.it\/es\/#breadcrumb\",\"itemListElement\":[{\"@type\":\"ListItem\",\"position\":1,\"name\":\"Home\",\"item\":\"https:\/\/lavilleggiatura.it\/es\/\"},{\"@type\":\"ListItem\",\"position\":2,\"name\":\"Homepage\"}]},{\"@type\":\"WebSite\",\"@id\":\"https:\/\/lavilleggiatura.it\/es\/#website\",\"url\":\"https:\/\/lavilleggiatura.it\/es\/\",\"name\":\"La Villeggiatura Maison De Charme\",\"description\":\"\",\"publisher\":{\"@id\":\"https:\/\/lavilleggiatura.it\/es\/#organization\"},\"potentialAction\":[{\"@type\":\"SearchAction\",\"target\":{\"@type\":\"EntryPoint\",\"urlTemplate\":\"https:\/\/lavilleggiatura.it\/es\/?s={search_term_string}\"},\"query-input\":{\"@type\":\"PropertyValueSpecification\",\"valueRequired\":true,\"valueName\":\"search_term_string\"}}],\"inLanguage\":\"es\"},{\"@type\":\"Organization\",\"@id\":\"https:\/\/lavilleggiatura.it\/es\/#organization\",\"name\":\"La Villeggiatura Maison de Charme\",\"url\":\"https:\/\/lavilleggiatura.it\/es\/\",\"logo\":{\"@type\":\"ImageObject\",\"inLanguage\":\"es\",\"@id\":\"https:\/\/lavilleggiatura.it\/es\/#\/schema\/logo\/image\/\",\"url\":\"https:\/\/lavilleggiatura.it\/wp-content\/uploads\/2022\/03\/la-villeggiatura2x-e1648634946577.png\",\"contentUrl\":\"https:\/\/lavilleggiatura.it\/wp-content\/uploads\/2022\/03\/la-villeggiatura2x-e1648634946577.png\",\"width\":294,\"height\":123,\"caption\":\"La Villeggiatura Maison de Charme\"},\"image\":{\"@id\":\"https:\/\/lavilleggiatura.it\/es\/#\/schema\/logo\/image\/\"}}]}<\/script>\n<!-- \/ Yoast SEO plugin. -->","yoast_head_json":{"title":"La Villeggiatura Maison de Charme Venecia","description":"En el coraz\u00f3n de la Venecia m\u00e1s aut\u00e9ntica, a pocos pasos desde todos los cl\u00e1sicos destinos tur\u00edsticos, seis amplias habitaciones de peque\u00f1o lujo.","robots":{"index":"index","follow":"follow","max-snippet":"max-snippet:-1","max-image-preview":"max-image-preview:large","max-video-preview":"max-video-preview:-1"},"canonical":"https:\/\/lavilleggiatura.it\/es\/","og_locale":"es_ES","og_type":"article","og_title":"La Villeggiatura Maison de Charme Venecia","og_description":"En el coraz\u00f3n de la Venecia m\u00e1s aut\u00e9ntica, a pocos pasos desde todos los cl\u00e1sicos destinos tur\u00edsticos, seis amplias habitaciones de peque\u00f1o lujo.","og_url":"https:\/\/lavilleggiatura.it\/es\/","og_site_name":"La Villeggiatura Maison De Charme","article_modified_time":"2023-03-03T08:27:20+00:00","twitter_card":"summary_large_image","schema":{"@context":"https:\/\/schema.org","@graph":[{"@type":"WebPage","@id":"https:\/\/lavilleggiatura.it\/es\/","url":"https:\/\/lavilleggiatura.it\/es\/","name":"La Villeggiatura Maison de Charme Venecia","isPartOf":{"@id":"https:\/\/lavilleggiatura.it\/es\/#website"},"datePublished":"2022-03-29T08:51:25+00:00","dateModified":"2023-03-03T08:27:20+00:00","description":"En el coraz\u00f3n de la Venecia m\u00e1s aut\u00e9ntica, a pocos pasos desde todos los cl\u00e1sicos destinos tur\u00edsticos, seis amplias habitaciones de peque\u00f1o lujo.","breadcrumb":{"@id":"https:\/\/lavilleggiatura.it\/es\/#breadcrumb"},"inLanguage":"es","potentialAction":[{"@type":"ReadAction","target":["https:\/\/lavilleggiatura.it\/es\/"]}]},{"@type":"BreadcrumbList","@id":"https:\/\/lavilleggiatura.it\/es\/#breadcrumb","itemListElement":[{"@type":"ListItem","position":1,"name":"Home","item":"https:\/\/lavilleggiatura.it\/es\/"},{"@type":"ListItem","position":2,"name":"Homepage"}]},{"@type":"WebSite","@id":"https:\/\/lavilleggiatura.it\/es\/#website","url":"https:\/\/lavilleggiatura.it\/es\/","name":"La Villeggiatura Maison De Charme","description":"","publisher":{"@id":"https:\/\/lavilleggiatura.it\/es\/#organization"},"potentialAction":[{"@type":"SearchAction","target":{"@type":"EntryPoint","urlTemplate":"https:\/\/lavilleggiatura.it\/es\/?s={search_term_string}"},"query-input":{"@type":"PropertyValueSpecification","valueRequired":true,"valueName":"search_term_string"}}],"inLanguage":"es"},{"@type":"Organization","@id":"https:\/\/lavilleggiatura.it\/es\/#organization","name":"La Villeggiatura Maison de Charme","url":"https:\/\/lavilleggiatura.it\/es\/","logo":{"@type":"ImageObject","inLanguage":"es","@id":"https:\/\/lavilleggiatura.it\/es\/#\/schema\/logo\/image\/","url":"https:\/\/lavilleggiatura.it\/wp-content\/uploads\/2022\/03\/la-villeggiatura2x-e1648634946577.png","contentUrl":"https:\/\/lavilleggiatura.it\/wp-content\/uploads\/2022\/03\/la-villeggiatura2x-e1648634946577.png","width":294,"height":123,"caption":"La Villeggiatura Maison de Charme"},"image":{"@id":"https:\/\/lavilleggiatura.it\/es\/#\/schema\/logo\/image\/"}}]}},"_links":{"self":[{"href":"https:\/\/lavilleggiatura.it\/es\/wp-json\/wp\/v2\/pages\/802","targetHints":{"allow":["GET"]}}],"collection":[{"href":"https:\/\/lavilleggiatura.it\/es\/wp-json\/wp\/v2\/pages"}],"about":[{"href":"https:\/\/lavilleggiatura.it\/es\/wp-json\/wp\/v2\/types\/page"}],"author":[{"embeddable":true,"href":"https:\/\/lavilleggiatura.it\/es\/wp-json\/wp\/v2\/users\/1"}],"replies":[{"embeddable":true,"href":"https:\/\/lavilleggiatura.it\/es\/wp-json\/wp\/v2\/comments?post=802"}],"version-history":[{"count":1,"href":"https:\/\/lavilleggiatura.it\/es\/wp-json\/wp\/v2\/pages\/802\/revisions"}],"predecessor-version":[{"id":1221,"href":"https:\/\/lavilleggiatura.it\/es\/wp-json\/wp\/v2\/pages\/802\/revisions\/1221"}],"wp:attachment":[{"href":"https:\/\/lavilleggiatura.it\/es\/wp-json\/wp\/v2\/media?parent=802"}],"curies":[{"name":"wp","href":"https:\/\/api.w.org\/{rel}","templated":true}]}}