{"id":818,"date":"2022-04-06T14:01:35","date_gmt":"2022-04-06T12:01:35","guid":{"rendered":"https:\/\/lavilleggiatura.it\/contatti\/"},"modified":"2023-04-18T15:16:48","modified_gmt":"2023-04-18T13:16:48","slug":"kontakte","status":"publish","type":"page","link":"https:\/\/lavilleggiatura.it\/de\/kontakte\/","title":{"rendered":"Kontakte"},"content":{"rendered":"\n<div class=\"wp-block-columns is-layout-flex wp-container-core-columns-is-layout-1 wp-block-columns-is-layout-flex\">\n<div class=\"wp-block-column is-layout-flow wp-block-column-is-layout-flow\">\n<h4 class=\"wp-block-heading\">La Villeggiatura Maison de Charme<\/h4>\n\n\n\n<p>Calle dei Botteri<br>San Polo, 1569<br>Venezia<br><a href=\"https:\/\/lavilleggiatura.it\/dove-siamo\/\">Karte<\/a><\/p>\n<\/div>\n\n\n\n<div class=\"wp-block-column is-layout-flow wp-block-column-is-layout-flow\">\n<h4 class=\"wp-block-heading\">Fahrplan<\/h4>\n\n\n\n<p><strong>Check in:<\/strong>\u00a014:00 Uhr<br>(Im Falle einer fr\u00fchen Ankunft k\u00f6nnen Sie Ihr Gep\u00e4ck an der Rezeption abgeben)<br><strong>Check out:\u00a0<\/strong>10:30 Uhr<br><strong>Fr\u00fchst\u00fcck:<\/strong>\u00a008:00-10:00 Uhr<\/p>\n\n\n\n<p>F\u00fcr Ank\u00fcnfte nach 23:00 Uhr wird ein Zuschlag von 15 Euro erhoben.<\/p>\n<\/div>\n<\/div>\n\n\n\n<div class=\"wp-block-columns is-layout-flex wp-container-core-columns-is-layout-2 wp-block-columns-is-layout-flex\">\n<div class=\"wp-block-column is-layout-flow wp-block-column-is-layout-flow\">\n<p><strong>Die Kurtaxe ist nicht enthalten<\/strong><\/p>\n\n\n\n<p>Hochsaison: <strong><em>4,00 \u20ac<\/em><\/strong> pro Persona\/Nacht<br>Nachsaison: <strong><em>2,80 \u20ac<\/em><\/strong> pro Person\/Nacht<br>Kinder unter 9 Jahre frei<br>50% Erm\u00e4\u00dfigung f\u00fcr Kinder von 10 bis 15 Jahren.<\/p>\n<\/div>\n<\/div>\n","protected":false},"excerpt":{"rendered":"<p>La Villeggiatura Maison de Charme Calle dei BotteriSan Polo, 1569VeneziaKarte Fahrplan Check in:\u00a014:00 Uhr(Im Falle einer fr\u00fchen Ankunft k\u00f6nnen Sie Ihr Gep\u00e4ck an der Rezeption abgeben)Check out:\u00a010:30 UhrFr\u00fchst\u00fcck:\u00a008:00-10:00 Uhr F\u00fcr Ank\u00fcnfte nach 23:00 Uhr wird ein Zuschlag von 15 Euro erhoben. Die Kurtaxe ist nicht enthalten Hochsaison: 4,00 \u20ac pro Persona\/NachtNachsaison: 2,80 \u20ac pro Person\/NachtKinder [&hellip;]<\/p>\n","protected":false},"author":1,"featured_media":260,"parent":0,"menu_order":0,"comment_status":"closed","ping_status":"closed","template":"templates\/contatti.php","meta":{"footnotes":""},"class_list":["post-818","page","type-page","status-publish","has-post-thumbnail","hentry"],"acf":[],"yoast_head":"<!-- This site is optimized with the Yoast SEO plugin v24.5 - https:\/\/yoast.com\/wordpress\/plugins\/seo\/ -->\n<title>Kontakte - La Villeggiatura Maison De Charme<\/title>\n<meta name=\"robots\" content=\"index, follow, max-snippet:-1, max-image-preview:large, max-video-preview:-1\" \/>\n<link rel=\"canonical\" href=\"https:\/\/lavilleggiatura.it\/de\/kontakte\/\" \/>\n<meta property=\"og:locale\" content=\"de_DE\" \/>\n<meta property=\"og:type\" content=\"article\" \/>\n<meta property=\"og:title\" content=\"Kontakte - La Villeggiatura Maison De Charme\" \/>\n<meta property=\"og:description\" content=\"La Villeggiatura Maison de Charme Calle dei BotteriSan Polo, 1569VeneziaKarte Fahrplan Check in:\u00a014:00 Uhr(Im Falle einer fr\u00fchen Ankunft k\u00f6nnen Sie Ihr Gep\u00e4ck an der Rezeption abgeben)Check out:\u00a010:30 UhrFr\u00fchst\u00fcck:\u00a008:00-10:00 Uhr F\u00fcr Ank\u00fcnfte nach 23:00 Uhr wird ein Zuschlag von 15 Euro erhoben. Die Kurtaxe ist nicht enthalten Hochsaison: 4,00 \u20ac pro Persona\/NachtNachsaison: 2,80 \u20ac pro Person\/NachtKinder [&hellip;]\" \/>\n<meta property=\"og:url\" content=\"https:\/\/lavilleggiatura.it\/de\/kontakte\/\" \/>\n<meta property=\"og:site_name\" content=\"La Villeggiatura Maison De Charme\" \/>\n<meta property=\"article:modified_time\" content=\"2023-04-18T13:16:48+00:00\" \/>\n<meta property=\"og:image\" content=\"https:\/\/lavilleggiatura.it\/wp-content\/uploads\/2022\/04\/Reception_Contatti_small.jpg\" \/>\n\t<meta property=\"og:image:width\" content=\"2560\" \/>\n\t<meta property=\"og:image:height\" content=\"1422\" \/>\n\t<meta property=\"og:image:type\" content=\"image\/jpeg\" \/>\n<meta name=\"twitter:card\" content=\"summary_large_image\" \/>\n<meta name=\"twitter:label1\" content=\"Gesch\u00e4tzte Lesezeit\" \/>\n\t<meta name=\"twitter:data1\" content=\"1\u00a0Minute\" \/>\n<script type=\"application\/ld+json\" class=\"yoast-schema-graph\">{\"@context\":\"https:\/\/schema.org\",\"@graph\":[{\"@type\":\"WebPage\",\"@id\":\"https:\/\/lavilleggiatura.it\/de\/kontakte\/\",\"url\":\"https:\/\/lavilleggiatura.it\/de\/kontakte\/\",\"name\":\"Kontakte - La Villeggiatura Maison De Charme\",\"isPartOf\":{\"@id\":\"https:\/\/lavilleggiatura.it\/de\/#website\"},\"primaryImageOfPage\":{\"@id\":\"https:\/\/lavilleggiatura.it\/de\/kontakte\/#primaryimage\"},\"image\":{\"@id\":\"https:\/\/lavilleggiatura.it\/de\/kontakte\/#primaryimage\"},\"thumbnailUrl\":\"https:\/\/lavilleggiatura.it\/wp-content\/uploads\/2022\/04\/Reception_Contatti_small.jpg\",\"datePublished\":\"2022-04-06T12:01:35+00:00\",\"dateModified\":\"2023-04-18T13:16:48+00:00\",\"breadcrumb\":{\"@id\":\"https:\/\/lavilleggiatura.it\/de\/kontakte\/#breadcrumb\"},\"inLanguage\":\"de\",\"potentialAction\":[{\"@type\":\"ReadAction\",\"target\":[\"https:\/\/lavilleggiatura.it\/de\/kontakte\/\"]}]},{\"@type\":\"ImageObject\",\"inLanguage\":\"de\",\"@id\":\"https:\/\/lavilleggiatura.it\/de\/kontakte\/#primaryimage\",\"url\":\"https:\/\/lavilleggiatura.it\/wp-content\/uploads\/2022\/04\/Reception_Contatti_small.jpg\",\"contentUrl\":\"https:\/\/lavilleggiatura.it\/wp-content\/uploads\/2022\/04\/Reception_Contatti_small.jpg\",\"width\":2560,\"height\":1422},{\"@type\":\"BreadcrumbList\",\"@id\":\"https:\/\/lavilleggiatura.it\/de\/kontakte\/#breadcrumb\",\"itemListElement\":[{\"@type\":\"ListItem\",\"position\":1,\"name\":\"Home\",\"item\":\"https:\/\/lavilleggiatura.it\/de\/\"},{\"@type\":\"ListItem\",\"position\":2,\"name\":\"Kontakte\"}]},{\"@type\":\"WebSite\",\"@id\":\"https:\/\/lavilleggiatura.it\/de\/#website\",\"url\":\"https:\/\/lavilleggiatura.it\/de\/\",\"name\":\"La Villeggiatura Maison De Charme\",\"description\":\"\",\"publisher\":{\"@id\":\"https:\/\/lavilleggiatura.it\/de\/#organization\"},\"potentialAction\":[{\"@type\":\"SearchAction\",\"target\":{\"@type\":\"EntryPoint\",\"urlTemplate\":\"https:\/\/lavilleggiatura.it\/de\/?s={search_term_string}\"},\"query-input\":{\"@type\":\"PropertyValueSpecification\",\"valueRequired\":true,\"valueName\":\"search_term_string\"}}],\"inLanguage\":\"de\"},{\"@type\":\"Organization\",\"@id\":\"https:\/\/lavilleggiatura.it\/de\/#organization\",\"name\":\"La Villeggiatura Maison de Charme\",\"url\":\"https:\/\/lavilleggiatura.it\/de\/\",\"logo\":{\"@type\":\"ImageObject\",\"inLanguage\":\"de\",\"@id\":\"https:\/\/lavilleggiatura.it\/de\/#\/schema\/logo\/image\/\",\"url\":\"https:\/\/lavilleggiatura.it\/wp-content\/uploads\/2022\/03\/la-villeggiatura2x-e1648634946577.png\",\"contentUrl\":\"https:\/\/lavilleggiatura.it\/wp-content\/uploads\/2022\/03\/la-villeggiatura2x-e1648634946577.png\",\"width\":294,\"height\":123,\"caption\":\"La Villeggiatura Maison de Charme\"},\"image\":{\"@id\":\"https:\/\/lavilleggiatura.it\/de\/#\/schema\/logo\/image\/\"}}]}<\/script>\n<!-- \/ Yoast SEO plugin. -->","yoast_head_json":{"title":"Kontakte - La Villeggiatura Maison De Charme","robots":{"index":"index","follow":"follow","max-snippet":"max-snippet:-1","max-image-preview":"max-image-preview:large","max-video-preview":"max-video-preview:-1"},"canonical":"https:\/\/lavilleggiatura.it\/de\/kontakte\/","og_locale":"de_DE","og_type":"article","og_title":"Kontakte - La Villeggiatura Maison De Charme","og_description":"La Villeggiatura Maison de Charme Calle dei BotteriSan Polo, 1569VeneziaKarte Fahrplan Check in:\u00a014:00 Uhr(Im Falle einer fr\u00fchen Ankunft k\u00f6nnen Sie Ihr Gep\u00e4ck an der Rezeption abgeben)Check out:\u00a010:30 UhrFr\u00fchst\u00fcck:\u00a008:00-10:00 Uhr F\u00fcr Ank\u00fcnfte nach 23:00 Uhr wird ein Zuschlag von 15 Euro erhoben. Die Kurtaxe ist nicht enthalten Hochsaison: 4,00 \u20ac pro Persona\/NachtNachsaison: 2,80 \u20ac pro Person\/NachtKinder [&hellip;]","og_url":"https:\/\/lavilleggiatura.it\/de\/kontakte\/","og_site_name":"La Villeggiatura Maison De Charme","article_modified_time":"2023-04-18T13:16:48+00:00","og_image":[{"width":2560,"height":1422,"url":"https:\/\/lavilleggiatura.it\/wp-content\/uploads\/2022\/04\/Reception_Contatti_small.jpg","type":"image\/jpeg"}],"twitter_card":"summary_large_image","twitter_misc":{"Gesch\u00e4tzte Lesezeit":"1\u00a0Minute"},"schema":{"@context":"https:\/\/schema.org","@graph":[{"@type":"WebPage","@id":"https:\/\/lavilleggiatura.it\/de\/kontakte\/","url":"https:\/\/lavilleggiatura.it\/de\/kontakte\/","name":"Kontakte - La Villeggiatura Maison De Charme","isPartOf":{"@id":"https:\/\/lavilleggiatura.it\/de\/#website"},"primaryImageOfPage":{"@id":"https:\/\/lavilleggiatura.it\/de\/kontakte\/#primaryimage"},"image":{"@id":"https:\/\/lavilleggiatura.it\/de\/kontakte\/#primaryimage"},"thumbnailUrl":"https:\/\/lavilleggiatura.it\/wp-content\/uploads\/2022\/04\/Reception_Contatti_small.jpg","datePublished":"2022-04-06T12:01:35+00:00","dateModified":"2023-04-18T13:16:48+00:00","breadcrumb":{"@id":"https:\/\/lavilleggiatura.it\/de\/kontakte\/#breadcrumb"},"inLanguage":"de","potentialAction":[{"@type":"ReadAction","target":["https:\/\/lavilleggiatura.it\/de\/kontakte\/"]}]},{"@type":"ImageObject","inLanguage":"de","@id":"https:\/\/lavilleggiatura.it\/de\/kontakte\/#primaryimage","url":"https:\/\/lavilleggiatura.it\/wp-content\/uploads\/2022\/04\/Reception_Contatti_small.jpg","contentUrl":"https:\/\/lavilleggiatura.it\/wp-content\/uploads\/2022\/04\/Reception_Contatti_small.jpg","width":2560,"height":1422},{"@type":"BreadcrumbList","@id":"https:\/\/lavilleggiatura.it\/de\/kontakte\/#breadcrumb","itemListElement":[{"@type":"ListItem","position":1,"name":"Home","item":"https:\/\/lavilleggiatura.it\/de\/"},{"@type":"ListItem","position":2,"name":"Kontakte"}]},{"@type":"WebSite","@id":"https:\/\/lavilleggiatura.it\/de\/#website","url":"https:\/\/lavilleggiatura.it\/de\/","name":"La Villeggiatura Maison De Charme","description":"","publisher":{"@id":"https:\/\/lavilleggiatura.it\/de\/#organization"},"potentialAction":[{"@type":"SearchAction","target":{"@type":"EntryPoint","urlTemplate":"https:\/\/lavilleggiatura.it\/de\/?s={search_term_string}"},"query-input":{"@type":"PropertyValueSpecification","valueRequired":true,"valueName":"search_term_string"}}],"inLanguage":"de"},{"@type":"Organization","@id":"https:\/\/lavilleggiatura.it\/de\/#organization","name":"La Villeggiatura Maison de Charme","url":"https:\/\/lavilleggiatura.it\/de\/","logo":{"@type":"ImageObject","inLanguage":"de","@id":"https:\/\/lavilleggiatura.it\/de\/#\/schema\/logo\/image\/","url":"https:\/\/lavilleggiatura.it\/wp-content\/uploads\/2022\/03\/la-villeggiatura2x-e1648634946577.png","contentUrl":"https:\/\/lavilleggiatura.it\/wp-content\/uploads\/2022\/03\/la-villeggiatura2x-e1648634946577.png","width":294,"height":123,"caption":"La Villeggiatura Maison de Charme"},"image":{"@id":"https:\/\/lavilleggiatura.it\/de\/#\/schema\/logo\/image\/"}}]}},"_links":{"self":[{"href":"https:\/\/lavilleggiatura.it\/de\/wp-json\/wp\/v2\/pages\/818","targetHints":{"allow":["GET"]}}],"collection":[{"href":"https:\/\/lavilleggiatura.it\/de\/wp-json\/wp\/v2\/pages"}],"about":[{"href":"https:\/\/lavilleggiatura.it\/de\/wp-json\/wp\/v2\/types\/page"}],"author":[{"embeddable":true,"href":"https:\/\/lavilleggiatura.it\/de\/wp-json\/wp\/v2\/users\/1"}],"replies":[{"embeddable":true,"href":"https:\/\/lavilleggiatura.it\/de\/wp-json\/wp\/v2\/comments?post=818"}],"version-history":[{"count":1,"href":"https:\/\/lavilleggiatura.it\/de\/wp-json\/wp\/v2\/pages\/818\/revisions"}],"predecessor-version":[{"id":1235,"href":"https:\/\/lavilleggiatura.it\/de\/wp-json\/wp\/v2\/pages\/818\/revisions\/1235"}],"wp:featuredmedia":[{"embeddable":true,"href":"https:\/\/lavilleggiatura.it\/de\/wp-json\/wp\/v2\/media\/260"}],"wp:attachment":[{"href":"https:\/\/lavilleggiatura.it\/de\/wp-json\/wp\/v2\/media?parent=818"}],"curies":[{"name":"wp","href":"https:\/\/api.w.org\/{rel}","templated":true}]}}